{"id":35,"date":"2023-03-04T15:20:44","date_gmt":"2023-03-04T18:20:44","guid":{"rendered":"https:\/\/mktgeral.com\/?page_id=35"},"modified":"2026-02-17T19:55:43","modified_gmt":"2026-02-17T22:55:43","slug":"nossas-solucoes","status":"publish","type":"page","link":"https:\/\/mktgeral.com\/es\/nossas-solucoes\/","title":{"rendered":"Nuestras Soluciones"},"content":{"rendered":"<div data-elementor-type=\"wp-page\" data-elementor-id=\"35\" class=\"elementor elementor-35\">\n\t\t\t\t<div class=\"elementor-element elementor-element-4b6a585 e-flex e-con-boxed e-con e-parent\" data-id=\"4b6a585\" data-element_type=\"container\" data-e-type=\"container\" data-settings=\"{&quot;background_background&quot;:&quot;gradient&quot;}\">\n\t\t\t\t\t<div class=\"e-con-inner\">\n\t\t\t\t<div class=\"elementor-element elementor-element-de9f19b elementor-widget elementor-widget-heading\" data-id=\"de9f19b\" data-element_type=\"widget\" data-e-type=\"widget\" data-widget_type=\"heading.default\">\n\t\t\t\t<div class=\"elementor-widget-container\">\n\t\t\t\t\t<h1 class=\"elementor-heading-title elementor-size-default\">Nuestras Soluciones<\/h1>\t\t\t\t<\/div>\n\t\t\t\t<\/div>\n\t\t\t\t<div class=\"elementor-element elementor-element-d96ab4c elementor-widget elementor-widget-heading\" data-id=\"d96ab4c\" data-element_type=\"widget\" data-e-type=\"widget\" data-widget_type=\"heading.default\">\n\t\t\t\t<div class=\"elementor-widget-container\">\n\t\t\t\t\t<h2 class=\"elementor-heading-title elementor-size-default\">Desarrollamos soluciones digitales a medida para fortalecer la presencia online de su empresa y generar m\u00e1s oportunidades de negocio.\nSi no encuentra exactamente lo que busca, cont\u00e1ctenos.<\/h2>\t\t\t\t<\/div>\n\t\t\t\t<\/div>\n\t\t\t\t\t<\/div>\n\t\t\t\t<\/div>\n\t\t<div class=\"elementor-element elementor-element-37a5b93 e-flex e-con-boxed e-con e-parent\" data-id=\"37a5b93\" data-element_type=\"container\" data-e-type=\"container\" data-settings=\"{&quot;background_background&quot;:&quot;classic&quot;}\">\n\t\t\t\t\t<div class=\"e-con-inner\">\n\t\t\t\t<div class=\"elementor-element elementor-element-a5bbf22 elementor-widget__width-initial elementor-view-default elementor-position-block-start elementor-mobile-position-block-start elementor-invisible elementor-widget elementor-widget-icon-box\" data-id=\"a5bbf22\" data-element_type=\"widget\" data-e-type=\"widget\" data-settings=\"{&quot;_animation&quot;:&quot;fadeIn&quot;}\" data-widget_type=\"icon-box.default\">\n\t\t\t\t<div class=\"elementor-widget-container\">\n\t\t\t\t\t\t\t<div class=\"elementor-icon-box-wrapper\">\n\n\t\t\t\t\t\t<div class=\"elementor-icon-box-icon\">\n\t\t\t\t<span  class=\"elementor-icon\">\n\t\t\t\t<svg xmlns=\"http:\/\/www.w3.org\/2000\/svg\" id=\"Capa_1\" height=\"512\" viewbox=\"0 0 512.004 512.004\" width=\"512\"><g><g id=\"Page-1_37_\"><g id=\"_x30_38---Like-Article\"><path id=\"Shape_86_\" d=\"m34.133 430.935h230.4v25.6c0 14.138 11.462 25.6 25.6 25.6h34.133c7.444-.026 14.503-3.31 19.319-8.986.119 0 .247 0 .367-.077 6.248 5.803 14.453 9.038 22.98 9.062h102.4c14.138 0 25.6-11.462 25.6-25.6-.025-4.41-1.202-8.737-3.413-12.553 11.624-7.186 15.408-22.323 8.533-34.133 6.4-3.985 10.694-10.612 11.716-18.082 1.023-7.47-1.332-15.007-6.426-20.565 6.818-7.475 8.57-18.274 4.465-27.521-4.106-9.247-13.292-15.19-23.409-15.145h-25.6v-264.533c0-18.851-15.282-34.133-34.133-34.133h-392.532c-18.851 0-34.133 15.282-34.133 34.133v332.8c0 18.851 15.282 34.133 34.133 34.133zm290.134 34.134h-34.133c-4.713 0-8.533-3.82-8.533-8.533v-76.8c0-4.713 3.821-8.533 8.533-8.533h34.133c4.713 0 8.533 3.82 8.533 8.533v76.8c0 4.712-3.82 8.533-8.533 8.533zm170.666-110.934c0 4.713-3.82 8.533-8.533 8.533h-25.6c-4.713 0-8.533 3.82-8.533 8.533s3.82 8.533 8.533 8.533h25.6c4.713 0 8.533 3.821 8.533 8.533 0 4.713-3.82 8.533-8.533 8.533h-25.6c-4.713 0-8.533 3.82-8.533 8.533s3.82 8.533 8.533 8.533h17.067c4.713 0 8.533 3.821 8.533 8.533 0 4.713-3.82 8.533-8.533 8.533h-17.067c-4.713 0-8.533 3.82-8.533 8.533s3.82 8.533 8.533 8.533h8.533c4.713 0 8.533 3.821 8.533 8.533s-3.821 8.533-8.533 8.533h-102.4c-9.426 0-17.067-7.641-17.067-17.067v-71.825c10.683-6.692 18.695-16.901 22.656-28.868 7.615-22.802 11.491-46.685 11.477-70.724-.003-1.167.783-2.188 1.911-2.483 2.893-.503 10.496-1.894 17.783 12.305 4.008 8.147 6.032 17.127 5.905 26.206v24.457c0 4.713 3.82 8.533 8.533 8.533h68.269c4.713.004 8.533 3.824 8.533 8.537zm-68.266-25.6v-15.923c.161-11.795-2.51-23.457-7.791-34.005-8.431-16.41-21.222-23.996-36.002-21.333-9.291 1.724-16.008 9.862-15.94 19.311.004 22.191-3.572 44.237-10.59 65.289-2.649 7.843-7.842 14.577-14.754 19.132-4.697-4.398-10.887-6.853-17.323-6.869h-34.133c-14.138 0-25.6 11.462-25.6 25.6v34.133h-230.4c-9.426 0-17.067-7.641-17.067-17.067v-281.6h426.667v213.333h-17.067zm-392.534-281.6h392.533c9.426 0 17.067 7.641 17.067 17.067v34.133h-426.666v-34.133c0-9.426 7.641-17.067 17.066-17.067z\"><\/path><circle id=\"Oval_4_\" clip-rule=\"evenodd\" cx=\"42.667\" cy=\"72.535\" fill-rule=\"evenodd\" r=\"8.533\"><\/circle><circle id=\"Oval_1_\" clip-rule=\"evenodd\" cx=\"76.8\" cy=\"72.535\" fill-rule=\"evenodd\" r=\"8.533\"><\/circle><circle id=\"Oval_2_\" clip-rule=\"evenodd\" cx=\"110.933\" cy=\"72.535\" fill-rule=\"evenodd\" r=\"8.533\"><\/circle><path id=\"Shape_85_\" d=\"m68.267 294.402h136.533c14.138 0 25.6-11.461 25.6-25.6v-102.4c0-14.138-11.462-25.6-25.6-25.6h-136.533c-14.138 0-25.6 11.462-25.6 25.6v102.4c0 14.138 11.461 25.6 25.6 25.6zm21-17.067 39.526-62.14 18.961 23.74-24.439 38.4zm115.533 0h-61.252l44.979-70.682 24.806 31.01v31.138c0 4.714-3.82 8.534-8.533 8.534zm-145.067-110.933c0-4.713 3.821-8.533 8.533-8.533h136.534c4.713 0 8.533 3.82 8.533 8.533v43.938l-18.935-23.671c-1.721-2.152-4.375-3.341-7.127-3.192s-5.262 1.618-6.74 3.943l-23.091 36.292-22.775-28.501c-1.719-2.153-4.373-3.344-7.124-3.196s-5.263 1.614-6.742 3.939l-51.755 81.382h-.777c-4.713 0-8.533-3.821-8.533-8.533v-102.401z\"><\/path><g clip-rule=\"evenodd\" fill-rule=\"evenodd\"><circle id=\"Oval_3_\" cx=\"85.333\" cy=\"183.469\" r=\"8.533\"><\/circle><path id=\"Path_103_\" d=\"m409.6 149.335h-145.067c-4.713 0-8.533 3.821-8.533 8.533 0 4.713 3.821 8.533 8.533 8.533h145.067c4.713 0 8.533-3.821 8.533-8.533s-3.82-8.533-8.533-8.533z\"><\/path><path id=\"Path_102_\" d=\"m409.6 183.469h-145.067c-4.713 0-8.533 3.821-8.533 8.533s3.821 8.533 8.533 8.533h145.067c4.713 0 8.533-3.82 8.533-8.533s-3.82-8.533-8.533-8.533z\"><\/path><path id=\"Path_101_\" d=\"m409.6 217.602h-145.067c-4.713 0-8.533 3.82-8.533 8.533s3.821 8.533 8.533 8.533h145.067c4.713 0 8.533-3.821 8.533-8.533s-3.82-8.533-8.533-8.533z\"><\/path><path id=\"Path_100_\" d=\"m341.333 251.735h-76.8c-4.713 0-8.533 3.821-8.533 8.533 0 4.713 3.821 8.533 8.533 8.533h76.8c4.713 0 8.533-3.82 8.533-8.533.001-4.712-3.82-8.533-8.533-8.533z\"><\/path><path id=\"Path_99_\" d=\"m247.467 328.535h-196.267c-4.713 0-8.533 3.821-8.533 8.533s3.821 8.533 8.533 8.533h196.267c4.713 0 8.533-3.82 8.533-8.533s-3.82-8.533-8.533-8.533z\"><\/path><path id=\"Path_98_\" d=\"m221.867 362.669h-170.667c-4.713 0-8.533 3.82-8.533 8.533s3.821 8.533 8.533 8.533h170.667c4.713 0 8.533-3.82 8.533-8.533s-3.821-8.533-8.533-8.533z\"><\/path><\/g><\/g><\/g><\/g><\/svg>\t\t\t\t<\/span>\n\t\t\t<\/div>\n\t\t\t\n\t\t\t\t\t\t<div class=\"elementor-icon-box-content\">\n\n\t\t\t\t\t\t\t\t\t<h3 class=\"elementor-icon-box-title\">\n\t\t\t\t\t\t<span  >\n\t\t\t\t\t\t\tSitios Institucionales\t\t\t\t\t\t<\/span>\n\t\t\t\t\t<\/h3>\n\t\t\t\t\n\t\t\t\t\t\t\t\t\t<p class=\"elementor-icon-box-description\">\n\t\t\t\t\t\tDesarrollamos sitios web profesionales para presentar su empresa, fortalecer su marca y facilitar el contacto con nuevos clientes.\t\t\t\t\t<\/p>\n\t\t\t\t\n\t\t\t<\/div>\n\t\t\t\n\t\t<\/div>\n\t\t\t\t\t\t<\/div>\n\t\t\t\t<\/div>\n\t\t\t\t<div class=\"elementor-element elementor-element-3255654 elementor-widget__width-initial elementor-view-default elementor-position-block-start elementor-mobile-position-block-start elementor-invisible elementor-widget elementor-widget-icon-box\" data-id=\"3255654\" data-element_type=\"widget\" data-e-type=\"widget\" data-settings=\"{&quot;_animation&quot;:&quot;fadeIn&quot;}\" data-widget_type=\"icon-box.default\">\n\t\t\t\t<div class=\"elementor-widget-container\">\n\t\t\t\t\t\t\t<div class=\"elementor-icon-box-wrapper\">\n\n\t\t\t\t\t\t<div class=\"elementor-icon-box-icon\">\n\t\t\t\t<span  class=\"elementor-icon\">\n\t\t\t\t<svg xmlns=\"http:\/\/www.w3.org\/2000\/svg\" viewbox=\"0 0 512 512\" width=\"512\" height=\"512\"><g id=\"outline\"><path d=\"M472,48H40A24.028,24.028,0,0,0,16,72V440a24.028,24.028,0,0,0,24,24H472a24.028,24.028,0,0,0,24-24V72A24.028,24.028,0,0,0,472,48ZM32,72a8.009,8.009,0,0,1,8-8H472a8.009,8.009,0,0,1,8,8V96H32ZM472,448H40a8.009,8.009,0,0,1-8-8V112H480V440A8.009,8.009,0,0,1,472,448Z\"><\/path><path d=\"M456,208H379.947a136.029,136.029,0,0,0-247.911,0H56a8,8,0,0,0-8,8v96a8,8,0,0,0,8,8h76.053a136.016,136.016,0,0,0,247.891,0H456a8,8,0,0,0,8-8V216A8,8,0,0,0,456,208Zm-120,0H316.876q-1.087-8.026-2.546-16h37.7a120.1,120.1,0,0,1,10.124,16Zm-124.73,0q1.141-8.031,2.687-16H248v16ZM248,144.278V176H217.453q3.49-14.244,8.243-28.131A119.8,119.8,0,0,1,248,144.278Zm38.308,3.595q4.741,13.863,8.235,28.127H264V144.278A120.138,120.138,0,0,1,286.308,147.873Zm18.959,6.685A119.775,119.775,0,0,1,337.628,176H310.991Q308.473,165.19,305.267,154.558ZM264,192h34.043q1.537,7.968,2.688,16H264Zm-75.841-27a119.866,119.866,0,0,1,18.573-10.444q-3.207,10.623-5.725,21.441H174.4A121.364,121.364,0,0,1,188.159,165Zm-28.187,27h37.7q-1.464,7.969-2.548,16H149.848A119.609,119.609,0,0,1,159.972,192ZM64,224H328v80H64ZM278.188,381.943A120.283,120.283,0,0,1,264,383.722V352h25.129Q284.388,367.227,278.188,381.943ZM305.849,352h31.762a119.909,119.909,0,0,1-40.051,24.581Q302.162,364.452,305.849,352Zm-72.028,29.95q-6.195-14.7-10.949-29.95H248v31.722A120.493,120.493,0,0,1,233.821,381.95Zm-19.382-5.357A119.741,119.741,0,0,1,174.367,352h31.785Q209.832,364.446,214.439,376.593Zm3.9-40.593q-2.043-7.954-3.694-16H248v16ZM264,336V320h33.359q-1.644,8.044-3.694,16Zm-65.666-16q1.563,8.04,3.507,16H159.97a120.011,120.011,0,0,1-10.12-16ZM352.02,336H310.16q1.944-7.957,3.506-16h48.488A120.125,120.125,0,0,1,352.02,336ZM448,304H344V224H448Z\"><\/path><path d=\"M376.411,282.53a7.932,7.932,0,0,0,.675,1.458A8,8,0,1,0,392,288h8a8,8,0,1,0,14.922-4,8.011,8.011,0,0,0,.506-1.031L428.457,250.4A3.8,3.8,0,0,1,432,248a8,8,0,0,0,0-16,19.721,19.721,0,0,0-18.4,12.457L412.184,248H376a8,8,0,0,0-7.589,10.53ZM405.784,264l-3.2,8H389.766l-2.666-8Z\"><\/path><circle cx=\"256\" cy=\"424\" r=\"8\"><\/circle><circle cx=\"224\" cy=\"424\" r=\"8\"><\/circle><circle cx=\"288\" cy=\"424\" r=\"8\"><\/circle><\/g><\/svg>\t\t\t\t<\/span>\n\t\t\t<\/div>\n\t\t\t\n\t\t\t\t\t\t<div class=\"elementor-icon-box-content\">\n\n\t\t\t\t\t\t\t\t\t<h3 class=\"elementor-icon-box-title\">\n\t\t\t\t\t\t<span  >\n\t\t\t\t\t\t\tTiendas Virtuales\t\t\t\t\t\t<\/span>\n\t\t\t\t\t<\/h3>\n\t\t\t\t\n\t\t\t\t\t\t\t\t\t<p class=\"elementor-icon-box-description\">\n\t\t\t\t\t\tCreamos tiendas virtuales completas para la venta de productos f\u00edsicos o digitales, con foco en usabilidad, seguridad y conversi\u00f3n.\t\t\t\t\t<\/p>\n\t\t\t\t\n\t\t\t<\/div>\n\t\t\t\n\t\t<\/div>\n\t\t\t\t\t\t<\/div>\n\t\t\t\t<\/div>\n\t\t\t\t<div class=\"elementor-element elementor-element-5238378 elementor-widget__width-initial elementor-view-default elementor-position-block-start elementor-mobile-position-block-start elementor-invisible elementor-widget elementor-widget-icon-box\" data-id=\"5238378\" data-element_type=\"widget\" data-e-type=\"widget\" data-settings=\"{&quot;_animation&quot;:&quot;fadeIn&quot;}\" data-widget_type=\"icon-box.default\">\n\t\t\t\t<div class=\"elementor-widget-container\">\n\t\t\t\t\t\t\t<div class=\"elementor-icon-box-wrapper\">\n\n\t\t\t\t\t\t<div class=\"elementor-icon-box-icon\">\n\t\t\t\t<span  class=\"elementor-icon\">\n\t\t\t\t<svg xmlns=\"http:\/\/www.w3.org\/2000\/svg\" xmlns:xlink=\"http:\/\/www.w3.org\/1999\/xlink\" id=\"Capa_1\" x=\"0px\" y=\"0px\" viewbox=\"0 0 201.506 201.506\" style=\"enable-background:new 0 0 201.506 201.506;\" xml:space=\"preserve\"><g>\t<g>\t\t<path d=\"M100.753,0C45.198,0,0,45.198,0,100.753s45.198,100.753,100.753,100.753s100.753-45.198,100.753-100.753    S156.308,0,100.753,0z M100.753,194.56c-51.726,0-93.807-42.081-93.807-93.807S49.027,6.946,100.753,6.946    s93.807,42.081,93.807,93.807S152.479,194.56,100.753,194.56z\"><\/path>\t<\/g><\/g><g>\t<g>\t\t<path d=\"M201.172,93.691c-1.044-15.048-5.326-29.314-12.725-42.404l-0.98-1.734H74.324c-14.601,0-26.477,11.878-26.477,26.479    V97.34h153.58L201.172,93.691z M54.673,90.513V76.032c0-10.837,8.815-19.652,19.651-19.652h109.138    c5.731,10.646,9.281,22.105,10.578,34.133H54.673z\"><\/path>\t<\/g><\/g><g>\t<g>\t\t<path d=\"M73.446,63.206c-6.588,0-11.947,5.361-11.947,11.947c0,6.586,5.359,11.947,11.947,11.947    c6.588,0,11.947-5.361,11.947-11.947C85.393,68.567,80.034,63.206,73.446,63.206z M73.446,80.273c-2.823,0-5.12-2.297-5.12-5.12    c0-2.823,2.297-5.12,5.12-5.12c2.823,0,5.12,2.297,5.12,5.12C78.566,77.976,76.269,80.273,73.446,80.273z\"><\/path>\t<\/g><\/g><g>\t<g>\t\t<path d=\"M100.753,63.206c-6.588,0-11.947,5.361-11.947,11.947c0,6.586,5.359,11.947,11.947,11.947    c6.588,0,11.947-5.361,11.947-11.947C112.7,68.567,107.341,63.206,100.753,63.206z M100.753,80.273c-2.823,0-5.12-2.297-5.12-5.12    c0-2.823,2.297-5.12,5.12-5.12s5.12,2.297,5.12,5.12C105.873,77.976,103.576,80.273,100.753,80.273z\"><\/path>\t<\/g><\/g><g>\t<g>\t\t<path d=\"M128.06,63.148c-6.62,0-12.005,5.385-12.005,12.005c0,6.62,5.385,12.005,12.005,12.005c6.62,0,12.005-5.385,12.005-12.005    C140.064,68.533,134.68,63.148,128.06,63.148z M128.06,80.215c-2.79,0-5.062-2.27-5.062-5.062s2.272-5.062,5.062-5.062    c2.79,0,5.062,2.27,5.062,5.062S130.85,80.215,128.06,80.215z\"><\/path>\t<\/g><\/g><g>\t<g>\t\t<path d=\"M201.173,93.689l-0.22-3.176H47.846v95.928l1.674,0.992c15.478,9.168,33.193,14.013,51.232,14.013    c55.523,0,100.693-45.172,100.693-100.693C201.446,98.621,201.359,96.375,201.173,93.689z M100.753,194.62    c-16.169,0-32.058-4.175-46.08-12.092V97.34h139.872c0.049,1.21,0.075,2.33,0.075,3.413    C194.62,152.511,152.511,194.62,100.753,194.62z\"><\/path>\t<\/g><\/g><g>\t<g>\t\t<path d=\"M99.046,110.993c-13.175,0-23.893,10.718-23.893,23.893s10.718,23.893,23.893,23.893s23.893-10.718,23.893-23.893    S112.222,110.993,99.046,110.993z M99.046,151.953c-9.411,0-17.067-7.656-17.067-17.067c0-9.411,7.656-17.067,17.067-17.067    s17.067,7.656,17.067,17.067C116.113,144.297,108.457,151.953,99.046,151.953z\"><\/path>\t<\/g><\/g><g>\t<g>\t\t<path d=\"M139.006,170.02l-22.187-22.187c-1.331-1.333-3.495-1.333-4.826,0c-1.333,1.333-1.333,3.494,0,4.826l22.187,22.187    c0.666,0.667,1.539,1,2.413,1c0.874,0,1.748-0.333,2.413-1C140.339,173.513,140.339,171.353,139.006,170.02z\"><\/path>\t<\/g><\/g><g><\/g><g><\/g><g><\/g><g><\/g><g><\/g><g><\/g><g><\/g><g><\/g><g><\/g><g><\/g><g><\/g><g><\/g><g><\/g><g><\/g><g><\/g><\/svg>\t\t\t\t<\/span>\n\t\t\t<\/div>\n\t\t\t\n\t\t\t\t\t\t<div class=\"elementor-icon-box-content\">\n\n\t\t\t\t\t\t\t\t\t<h3 class=\"elementor-icon-box-title\">\n\t\t\t\t\t\t<span  >\n\t\t\t\t\t\t\tPortales \/ Blog\t\t\t\t\t\t<\/span>\n\t\t\t\t\t<\/h3>\n\t\t\t\t\n\t\t\t\t\t\t\t\t\t<p class=\"elementor-icon-box-description\">\n\t\t\t\t\t\tEstructuramos portales y blogs para la publicaci\u00f3n de contenidos, noticias y art\u00edculos, ayudando a su empresa a generar autoridad online.\t\t\t\t\t<\/p>\n\t\t\t\t\n\t\t\t<\/div>\n\t\t\t\n\t\t<\/div>\n\t\t\t\t\t\t<\/div>\n\t\t\t\t<\/div>\n\t\t\t\t<div class=\"elementor-element elementor-element-7c03123 elementor-widget__width-initial elementor-view-default elementor-position-block-start elementor-mobile-position-block-start elementor-invisible elementor-widget elementor-widget-icon-box\" data-id=\"7c03123\" data-element_type=\"widget\" data-e-type=\"widget\" data-settings=\"{&quot;_animation&quot;:&quot;fadeIn&quot;}\" data-widget_type=\"icon-box.default\">\n\t\t\t\t<div class=\"elementor-widget-container\">\n\t\t\t\t\t\t\t<div class=\"elementor-icon-box-wrapper\">\n\n\t\t\t\t\t\t<div class=\"elementor-icon-box-icon\">\n\t\t\t\t<span  class=\"elementor-icon\">\n\t\t\t\t<svg xmlns=\"http:\/\/www.w3.org\/2000\/svg\" id=\"Layer_5\" height=\"512\" viewbox=\"0 0 64 64\" width=\"512\"><g><path d=\"m45 43c3.86 0 7-3.14 7-7s-3.14-7-7-7-7 3.14-7 7 3.14 7 7 7zm0-12c2.757 0 5 2.243 5 5s-2.243 5-5 5-5-2.243-5-5 2.243-5 5-5z\"><\/path><path d=\"m45 39c1.654 0 3-1.346 3-3s-1.346-3-3-3-3 1.346-3 3 1.346 3 3 3zm0-4c.551 0 1 .449 1 1s-.449 1-1 1-1-.449-1-1 .449-1 1-1z\"><\/path><path d=\"m51.117 52.1.687-1.1h11.416l-1.309-6.542-6.026-5.021c.068-.746.115-1.494.115-2.247 0-.064-.006-.126-.007-.19h.007v-33c0-1.654-1.346-3-3-3h-49c-1.654 0-3 1.346-3 3v42c0 1.654 1.346 3 3 3h23.18l-.4 2h11.416l.687 1.1-.388.971c-1.006 2.514-.196 5.404 1.97 7.028l1.893 1.42 1.915-3.829c1.115 1.166 1.727 2.691 1.727 4.31v1h2.48l1.664-2.08c1.851-2.314 2.317-5.46 1.217-8.211zm-10.563-1.1-1.097-1.755c-.454-.726-.852-1.478-1.219-2.245h13.523c-.367.766-.765 1.519-1.219 2.245l-1.096 1.755zm-2.13-24h13.152c1.584 3.153 2.424 6.624 2.424 10.19 0 2.68-.472 5.32-1.383 7.81h-15.234c-.911-2.49-1.383-5.13-1.383-7.81 0-3.566.84-7.037 2.424-10.19zm1.133-2c.09-.141.17-.288.263-.428l2.902-4.354c.509-.762 1.361-1.218 2.278-1.218s1.769.456 2.277 1.219l2.902 4.354c.093.14.173.286.263.428h-10.885zm20.532 20.542.691 3.458h-7.788c1.233-2.269 2.093-4.708 2.568-7.232zm-56.089-42.542h49c.551 0 1 .449 1 1v9h-51v-9c0-.551.449-1 1-1zm23.58 44h-23.58c-.551 0-1-.449-1-1v-31h51v12.479c-.595-1.392-1.305-2.74-2.156-4.017l-2.902-4.354c-.881-1.319-2.354-2.108-3.942-2.108s-3.061.789-3.941 2.109l-2.902 4.354c-2.72 4.079-4.157 8.825-4.157 13.727 0 .753.047 1.501.115 2.246l-6.026 5.021zm2.331-1.458 4.529-3.774c.475 2.524 1.335 4.963 2.568 7.232h-7.788zm18.672 14.129-.708.884c-.29-1.652-1.078-3.173-2.289-4.384l-1.859-1.859-2.084 4.169c-1.426-1.086-1.957-3.001-1.29-4.668l.324-.813h8.646l.181.453c.833 2.083.48 4.465-.921 6.218z\"><\/path><path d=\"m11 5h-6v6h6zm-2 4h-2v-2h2z\"><\/path><path d=\"m19 5h-6v6h6zm-2 4h-2v-2h2z\"><\/path><path d=\"m27 5h-6v6h6zm-2 4h-2v-2h2z\"><\/path><path d=\"m29 17h-6v20h-2v-12h-6v12h-2v-8h-6v8h-2v2h26v-2h-2zm-4 2h2v18h-2zm-8 8h2v10h-2zm-8 4h2v6h-2z\"><\/path><path d=\"m5 17h2v2h-2z\"><\/path><path d=\"m9 17h10v2h-10z\"><\/path><path d=\"m5 21h2v2h-2z\"><\/path><path d=\"m9 21h10v2h-10z\"><\/path><\/g><\/svg>\t\t\t\t<\/span>\n\t\t\t<\/div>\n\t\t\t\n\t\t\t\t\t\t<div class=\"elementor-icon-box-content\">\n\n\t\t\t\t\t\t\t\t\t<h3 class=\"elementor-icon-box-title\">\n\t\t\t\t\t\t<span  >\n\t\t\t\t\t\t\tLanding Pages\t\t\t\t\t\t<\/span>\n\t\t\t\t\t<\/h3>\n\t\t\t\t\n\t\t\t\t\t\t\t\t\t<p class=\"elementor-icon-box-description\">\n\t\t\t\t\t\tDesarrollamos landing pages estrat\u00e9gicas, enfocadas en la conversi\u00f3n, captaci\u00f3n de leads y generaci\u00f3n de oportunidades de negocio.\t\t\t\t\t<\/p>\n\t\t\t\t\n\t\t\t<\/div>\n\t\t\t\n\t\t<\/div>\n\t\t\t\t\t\t<\/div>\n\t\t\t\t<\/div>\n\t\t\t\t\t<\/div>\n\t\t\t\t<\/div>\n\t\t<div class=\"elementor-element elementor-element-b326c29 e-flex e-con-boxed e-con e-parent\" data-id=\"b326c29\" data-element_type=\"container\" data-e-type=\"container\">\n\t\t\t\t\t<div class=\"e-con-inner\">\n\t\t\t\t<div class=\"elementor-element elementor-element-b6fbe1d elementor-invisible elementor-widget elementor-widget-button\" data-id=\"b6fbe1d\" data-element_type=\"widget\" data-e-type=\"widget\" data-settings=\"{&quot;_animation&quot;:&quot;bounceIn&quot;}\" data-widget_type=\"button.default\">\n\t\t\t\t<div class=\"elementor-widget-container\">\n\t\t\t\t\t\t\t\t\t<div class=\"elementor-button-wrapper\">\n\t\t\t\t\t<a class=\"elementor-button elementor-button-link elementor-size-md elementor-animation-grow\" href=\"http:\/\/wa.me\/595986713529\" target=\"_blank\">\n\t\t\t\t\t\t<span class=\"elementor-button-content-wrapper\">\n\t\t\t\t\t\t<span class=\"elementor-button-icon\">\n\t\t\t\t<svg xmlns=\"http:\/\/www.w3.org\/2000\/svg\" xmlns:xlink=\"http:\/\/www.w3.org\/1999\/xlink\" id=\"Capa_1\" x=\"0px\" y=\"0px\" viewbox=\"0 0 512 512\" style=\"enable-background:new 0 0 512 512;\" xml:space=\"preserve\"><g>\t<g>\t\t<path d=\"M506.134,241.843c-0.006-0.006-0.011-0.013-0.018-0.019l-104.504-104c-7.829-7.791-20.492-7.762-28.285,0.068   c-7.792,7.829-7.762,20.492,0.067,28.284L443.558,236H20c-11.046,0-20,8.954-20,20c0,11.046,8.954,20,20,20h423.557   l-70.162,69.824c-7.829,7.792-7.859,20.455-0.067,28.284c7.793,7.831,20.457,7.858,28.285,0.068l104.504-104   c0.006-0.006,0.011-0.013,0.018-0.019C513.968,262.339,513.943,249.635,506.134,241.843z\"><\/path>\t<\/g><\/g><g><\/g><g><\/g><g><\/g><g><\/g><g><\/g><g><\/g><g><\/g><g><\/g><g><\/g><g><\/g><g><\/g><g><\/g><g><\/g><g><\/g><g><\/g><\/svg>\t\t\t<\/span>\n\t\t\t\t\t\t\t\t\t<span class=\"elementor-button-text\">Solicitar propuesta<\/span>\n\t\t\t\t\t<\/span>\n\t\t\t\t\t<\/a>\n\t\t\t\t<\/div>\n\t\t\t\t\t\t\t\t<\/div>\n\t\t\t\t<\/div>\n\t\t\t\t<div class=\"elementor-element elementor-element-ad239bb elementor-invisible elementor-widget elementor-widget-button\" data-id=\"ad239bb\" data-element_type=\"widget\" data-e-type=\"widget\" data-settings=\"{&quot;_animation&quot;:&quot;bounceIn&quot;}\" data-widget_type=\"button.default\">\n\t\t\t\t<div class=\"elementor-widget-container\">\n\t\t\t\t\t\t\t\t\t<div class=\"elementor-button-wrapper\">\n\t\t\t\t\t<a class=\"elementor-button elementor-button-link elementor-size-md elementor-animation-grow\" href=\"https:\/\/mktgeral.com\/#portifolio\" target=\"_blank\" id=\"portifolio\">\n\t\t\t\t\t\t<span class=\"elementor-button-content-wrapper\">\n\t\t\t\t\t\t<span class=\"elementor-button-icon\">\n\t\t\t\t<svg xmlns=\"http:\/\/www.w3.org\/2000\/svg\" xmlns:xlink=\"http:\/\/www.w3.org\/1999\/xlink\" id=\"Capa_1\" x=\"0px\" y=\"0px\" viewbox=\"0 0 512 512\" style=\"enable-background:new 0 0 512 512;\" xml:space=\"preserve\"><g>\t<g>\t\t<path d=\"M506.134,241.843c-0.006-0.006-0.011-0.013-0.018-0.019l-104.504-104c-7.829-7.791-20.492-7.762-28.285,0.068   c-7.792,7.829-7.762,20.492,0.067,28.284L443.558,236H20c-11.046,0-20,8.954-20,20c0,11.046,8.954,20,20,20h423.557   l-70.162,69.824c-7.829,7.792-7.859,20.455-0.067,28.284c7.793,7.831,20.457,7.858,28.285,0.068l104.504-104   c0.006-0.006,0.011-0.013,0.018-0.019C513.968,262.339,513.943,249.635,506.134,241.843z\"><\/path>\t<\/g><\/g><g><\/g><g><\/g><g><\/g><g><\/g><g><\/g><g><\/g><g><\/g><g><\/g><g><\/g><g><\/g><g><\/g><g><\/g><g><\/g><g><\/g><g><\/g><\/svg>\t\t\t<\/span>\n\t\t\t\t\t\t\t\t\t<span class=\"elementor-button-text\">Nuestros Portafolio<\/span>\n\t\t\t\t\t<\/span>\n\t\t\t\t\t<\/a>\n\t\t\t\t<\/div>\n\t\t\t\t\t\t\t\t<\/div>\n\t\t\t\t<\/div>\n\t\t\t\t\t<\/div>\n\t\t\t\t<\/div>\n\t\t\t\t<\/div>","protected":false},"excerpt":{"rendered":"<p>Nossas Solu\u00e7\u00f5es Desenvolvemos solu\u00e7\u00f5es digitais sob medida para fortalecer a presen\u00e7a online da sua empresa e gerar mais oportunidades de neg\u00f3cio. Caso n\u00e3o encontre exatamente o que procura, entre em contato conosco. Sites Institucionais Desenvolvemos sites institucionais profissionais para apresentar sua empresa, fortalecer sua marca e facilitar o contato com novos clientes. Lojas Virtuais Criamos [&hellip;]<\/p>\n","protected":false},"author":1,"featured_media":0,"parent":0,"menu_order":0,"comment_status":"closed","ping_status":"closed","template":"elementor_header_footer","meta":{"footnotes":""},"class_list":["post-35","page","type-page","status-publish","hentry"],"_hostinger_reach_plugin_has_subscription_block":false,"_hostinger_reach_plugin_is_elementor":false,"_links":{"self":[{"href":"https:\/\/mktgeral.com\/es\/wp-json\/wp\/v2\/pages\/35","targetHints":{"allow":["GET"]}}],"collection":[{"href":"https:\/\/mktgeral.com\/es\/wp-json\/wp\/v2\/pages"}],"about":[{"href":"https:\/\/mktgeral.com\/es\/wp-json\/wp\/v2\/types\/page"}],"author":[{"embeddable":true,"href":"https:\/\/mktgeral.com\/es\/wp-json\/wp\/v2\/users\/1"}],"replies":[{"embeddable":true,"href":"https:\/\/mktgeral.com\/es\/wp-json\/wp\/v2\/comments?post=35"}],"version-history":[{"count":25,"href":"https:\/\/mktgeral.com\/es\/wp-json\/wp\/v2\/pages\/35\/revisions"}],"predecessor-version":[{"id":633,"href":"https:\/\/mktgeral.com\/es\/wp-json\/wp\/v2\/pages\/35\/revisions\/633"}],"wp:attachment":[{"href":"https:\/\/mktgeral.com\/es\/wp-json\/wp\/v2\/media?parent=35"}],"curies":[{"name":"wp","href":"https:\/\/api.w.org\/{rel}","templated":true}]}}